{"id":69,"date":"2023-10-11T12:08:25","date_gmt":"2023-10-11T10:08:25","guid":{"rendered":"https:\/\/votresitesurmesure.com\/blog\/?page_id=69"},"modified":"2026-03-29T23:18:19","modified_gmt":"2026-03-29T21:18:19","slug":"lequipe","status":"publish","type":"page","link":"https:\/\/votresitesurmesure.com\/blog\/lequipe\/","title":{"rendered":"L&rsquo;\u00e9quipe &#038; \u00c9dito"},"content":{"rendered":"<p><span style=\"font-weight: 400;\">Votre Site sur Mesure est une agence web sp\u00e9cialis\u00e9e dans la cr\u00e9ation de sites internet sur mesure pour les professionnels, PME et entrepreneurs qui veulent une pr\u00e9sence en ligne qui les repr\u00e9sente vraiment, pas un template g\u00e9n\u00e9rique. De la boutique en ligne \u00e0 la vitrine corporate, du portfolio cr\u00e9atif au site institutionnel, nous concevons chaque projet \u00e0 partir de vos objectifs et de votre identit\u00e9. <\/span><span style=\"font-weight: 400;\">L&rsquo;\u00e9quipe de Votre Site sur Mesure rassemble des d\u00e9veloppeurs web front-end et back-end, des designers UX\/UI, des experts SEO et un vid\u00e9aste bas\u00e9 \u00e0 Lyon. Chaque projet est pilot\u00e9 par un chef de projet d\u00e9di\u00e9 qui centralise vos retours et garantit le respect des d\u00e9lais.\u00a0<\/span><\/p>\n","protected":false},"excerpt":{"rendered":"","protected":false},"author":34,"featured_media":0,"parent":0,"menu_order":0,"comment_status":"closed","ping_status":"closed","template":"","meta":{"_acf_changed":false,"manual_indexmenow":false,"indexmenow_id_project":0,"footnotes":""},"class_list":["post-69","page","type-page","status-publish"],"acf":[],"yoast_head":"<!-- This site is optimized with the Yoast SEO Premium plugin v21.3 (Yoast SEO v26.5) - https:\/\/yoast.com\/wordpress\/plugins\/seo\/ -->\n<title>L&#039;\u00e9quipe &amp; \u00c9dito<\/title>\n<meta name=\"description\" content=\"Votre Site sur Mesure est une agence web sp\u00e9cialis\u00e9e dans la cr\u00e9ation de sites internet sur mesure pour les professionnels, PME et entrepreneurs qui\" \/>\n<meta name=\"robots\" content=\"index, follow, max-snippet:-1, max-image-preview:large, max-video-preview:-1\" \/>\n<link rel=\"canonical\" href=\"https:\/\/votresitesurmesure.com\/blog\/lequipe\/\" \/>\n<meta property=\"og:locale\" content=\"fr_FR\" \/>\n<meta property=\"og:type\" content=\"article\" \/>\n<meta property=\"og:title\" content=\"L&#039;\u00e9quipe &amp; \u00c9dito\" \/>\n<meta property=\"og:description\" content=\"Votre Site sur Mesure est une agence web sp\u00e9cialis\u00e9e dans la cr\u00e9ation de sites internet sur mesure pour les professionnels, PME et entrepreneurs qui\" \/>\n<meta property=\"og:url\" content=\"https:\/\/votresitesurmesure.com\/blog\/lequipe\/\" \/>\n<meta property=\"og:site_name\" content=\"votresitesurmesure\" \/>\n<meta name=\"twitter:card\" content=\"summary_large_image\" \/>\n<script type=\"application\/ld+json\" class=\"yoast-schema-graph\">{\"@context\":\"https:\/\/schema.org\",\"@graph\":[{\"@type\":\"WebPage\",\"@id\":\"https:\/\/votresitesurmesure.com\/blog\/lequipe\/\",\"url\":\"https:\/\/votresitesurmesure.com\/blog\/lequipe\/\",\"name\":\"L'\u00e9quipe & \u00c9dito\",\"isPartOf\":{\"@id\":\"https:\/\/votresitesurmesure.com\/blog\/#website\"},\"datePublished\":\"2023-10-11T10:08:25+00:00\",\"dateModified\":\"2026-03-29T21:18:19+00:00\",\"description\":\"Votre Site sur Mesure est une agence web sp\u00e9cialis\u00e9e dans la cr\u00e9ation de sites internet sur mesure pour les professionnels, PME et entrepreneurs qui\",\"inLanguage\":\"fr-FR\",\"potentialAction\":[{\"@type\":\"ReadAction\",\"target\":[\"https:\/\/votresitesurmesure.com\/blog\/lequipe\/\"]}]},{\"@type\":\"WebSite\",\"@id\":\"https:\/\/votresitesurmesure.com\/blog\/#website\",\"url\":\"https:\/\/votresitesurmesure.com\/blog\/\",\"name\":\"votresitesurmesure.com\",\"description\":\"Votre Site sur Mesure, le digital qui vous ressemble\",\"publisher\":{\"@id\":\"https:\/\/votresitesurmesure.com\/blog\/#organization\"},\"alternateName\":\"Votre Site sur Mesure, le digital qui vous ressemble\",\"potentialAction\":[{\"@type\":\"SearchAction\",\"target\":{\"@type\":\"EntryPoint\",\"urlTemplate\":\"https:\/\/votresitesurmesure.com\/blog\/?s={search_term_string}\"},\"query-input\":{\"@type\":\"PropertyValueSpecification\",\"valueRequired\":true,\"valueName\":\"search_term_string\"}}],\"inLanguage\":\"fr-FR\"},{\"@type\":\"Organization\",\"@id\":\"https:\/\/votresitesurmesure.com\/blog\/#organization\",\"name\":\"Foretsensations.fr\",\"url\":\"https:\/\/votresitesurmesure.com\/blog\/\",\"logo\":{\"@type\":\"ImageObject\",\"inLanguage\":\"fr-FR\",\"@id\":\"https:\/\/votresitesurmesure.com\/blog\/#\/schema\/logo\/image\/\",\"url\":\"https:\/\/votresitesurmesure.com\/blog\/wp-content\/uploads\/2024\/12\/46.png\",\"contentUrl\":\"https:\/\/votresitesurmesure.com\/blog\/wp-content\/uploads\/2024\/12\/46.png\",\"width\":500,\"height\":500,\"caption\":\"Foretsensations.fr\"},\"image\":{\"@id\":\"https:\/\/votresitesurmesure.com\/blog\/#\/schema\/logo\/image\/\"}}]}<\/script>\n<!-- \/ Yoast SEO Premium plugin. -->","yoast_head_json":{"title":"L'\u00e9quipe & \u00c9dito","description":"Votre Site sur Mesure est une agence web sp\u00e9cialis\u00e9e dans la cr\u00e9ation de sites internet sur mesure pour les professionnels, PME et entrepreneurs qui","robots":{"index":"index","follow":"follow","max-snippet":"max-snippet:-1","max-image-preview":"max-image-preview:large","max-video-preview":"max-video-preview:-1"},"canonical":"https:\/\/votresitesurmesure.com\/blog\/lequipe\/","og_locale":"fr_FR","og_type":"article","og_title":"L'\u00e9quipe & \u00c9dito","og_description":"Votre Site sur Mesure est une agence web sp\u00e9cialis\u00e9e dans la cr\u00e9ation de sites internet sur mesure pour les professionnels, PME et entrepreneurs qui","og_url":"https:\/\/votresitesurmesure.com\/blog\/lequipe\/","og_site_name":"votresitesurmesure","twitter_card":"summary_large_image","schema":{"@context":"https:\/\/schema.org","@graph":[{"@type":"WebPage","@id":"https:\/\/votresitesurmesure.com\/blog\/lequipe\/","url":"https:\/\/votresitesurmesure.com\/blog\/lequipe\/","name":"L'\u00e9quipe & \u00c9dito","isPartOf":{"@id":"https:\/\/votresitesurmesure.com\/blog\/#website"},"datePublished":"2023-10-11T10:08:25+00:00","dateModified":"2026-03-29T21:18:19+00:00","description":"Votre Site sur Mesure est une agence web sp\u00e9cialis\u00e9e dans la cr\u00e9ation de sites internet sur mesure pour les professionnels, PME et entrepreneurs qui","inLanguage":"fr-FR","potentialAction":[{"@type":"ReadAction","target":["https:\/\/votresitesurmesure.com\/blog\/lequipe\/"]}]},{"@type":"WebSite","@id":"https:\/\/votresitesurmesure.com\/blog\/#website","url":"https:\/\/votresitesurmesure.com\/blog\/","name":"votresitesurmesure.com","description":"Votre Site sur Mesure, le digital qui vous ressemble","publisher":{"@id":"https:\/\/votresitesurmesure.com\/blog\/#organization"},"alternateName":"Votre Site sur Mesure, le digital qui vous ressemble","potentialAction":[{"@type":"SearchAction","target":{"@type":"EntryPoint","urlTemplate":"https:\/\/votresitesurmesure.com\/blog\/?s={search_term_string}"},"query-input":{"@type":"PropertyValueSpecification","valueRequired":true,"valueName":"search_term_string"}}],"inLanguage":"fr-FR"},{"@type":"Organization","@id":"https:\/\/votresitesurmesure.com\/blog\/#organization","name":"Foretsensations.fr","url":"https:\/\/votresitesurmesure.com\/blog\/","logo":{"@type":"ImageObject","inLanguage":"fr-FR","@id":"https:\/\/votresitesurmesure.com\/blog\/#\/schema\/logo\/image\/","url":"https:\/\/votresitesurmesure.com\/blog\/wp-content\/uploads\/2024\/12\/46.png","contentUrl":"https:\/\/votresitesurmesure.com\/blog\/wp-content\/uploads\/2024\/12\/46.png","width":500,"height":500,"caption":"Foretsensations.fr"},"image":{"@id":"https:\/\/votresitesurmesure.com\/blog\/#\/schema\/logo\/image\/"}}]}},"_links":{"self":[{"href":"https:\/\/votresitesurmesure.com\/blog\/wp-json\/wp\/v2\/pages\/69","targetHints":{"allow":["GET"]}}],"collection":[{"href":"https:\/\/votresitesurmesure.com\/blog\/wp-json\/wp\/v2\/pages"}],"about":[{"href":"https:\/\/votresitesurmesure.com\/blog\/wp-json\/wp\/v2\/types\/page"}],"author":[{"embeddable":true,"href":"https:\/\/votresitesurmesure.com\/blog\/wp-json\/wp\/v2\/users\/34"}],"replies":[{"embeddable":true,"href":"https:\/\/votresitesurmesure.com\/blog\/wp-json\/wp\/v2\/comments?post=69"}],"version-history":[{"count":35,"href":"https:\/\/votresitesurmesure.com\/blog\/wp-json\/wp\/v2\/pages\/69\/revisions"}],"predecessor-version":[{"id":7602,"href":"https:\/\/votresitesurmesure.com\/blog\/wp-json\/wp\/v2\/pages\/69\/revisions\/7602"}],"wp:attachment":[{"href":"https:\/\/votresitesurmesure.com\/blog\/wp-json\/wp\/v2\/media?parent=69"}],"curies":[{"name":"wp","href":"https:\/\/api.w.org\/{rel}","templated":true}]}}