{"id":66,"date":"2023-10-11T12:06:52","date_gmt":"2023-10-11T10:06:52","guid":{"rendered":"https:\/\/votresitesurmesure.com\/blog\/?page_id=66"},"modified":"2023-10-11T12:06:52","modified_gmt":"2023-10-11T10:06:52","slug":"plan-du-site","status":"publish","type":"page","link":"https:\/\/votresitesurmesure.com\/blog\/plan-du-site\/","title":{"rendered":"Plan du site"},"content":{"rendered":"<h2><a href=\"https:\/\/votresitesurmesure.com\/blog\/a-la-une\/\" class=\"simple\">\u00c0 la une<\/a><\/h2><ul><li><a href=\"https:\/\/votresitesurmesure.com\/blog\/a-la-une\/comment-creer-un-saas-sur-mesure-booste-ia-en-2026\/\" class=\"simple\">Comment cr\u00e9er un SaaS sur mesure boost\u00e9 IA en 2026 ?<\/a><\/li><li><a href=\"https:\/\/votresitesurmesure.com\/blog\/a-la-une\/refonte-de-site-web-7-etapes-essentielles-pour-booster-vos-performances\/\" class=\"simple\">Refonte de site web : 7 \u00e9tapes essentielles pour booster vos performances<\/a><\/li><li><a href=\"https:\/\/votresitesurmesure.com\/blog\/a-la-une\/videaste-lyon-votre-partenaire-creatif-pour-des-projets-audiovisuels-reussis\/\" class=\"simple\">Vid\u00e9aste Lyon : votre partenaire cr\u00e9atif pour des projets audiovisuels r\u00e9ussis<\/a><\/li><li><a href=\"https:\/\/votresitesurmesure.com\/blog\/a-la-une\/comment-nettoyer-son-ordinateur\/\" class=\"simple\">Comment nettoyer son ordinateur ?<\/a><\/li><li><a href=\"https:\/\/votresitesurmesure.com\/blog\/a-la-une\/agence-evenementiel-montpellier-services-web-et-communication\/\" class=\"simple\">Agence \u00c9v\u00e9nementiel Montpellier : Services Web et Communication<\/a><\/li><li><a href=\"https:\/\/votresitesurmesure.com\/blog\/a-la-une\/definition-de-lux-et-ui-cles-pour-comprendre-la-conception-digitale\/\" class=\"simple\">D\u00e9finition de l&#039;UX et UI : Cl\u00e9s pour comprendre la conception digitale<\/a><\/li><li><a href=\"https:\/\/votresitesurmesure.com\/blog\/a-la-une\/recherche-assistante-virtuelle\/\" class=\"simple\">Recherche assistante virtuelle<\/a><\/li><li><a href=\"https:\/\/votresitesurmesure.com\/blog\/a-la-une\/creer-votre-boutique-en-ligne-par-ou-commencer\/\" class=\"simple\">Cr\u00e9er Votre Boutique en Ligne : Par O\u00f9 Commencer ?<\/a><\/li><li><a href=\"https:\/\/votresitesurmesure.com\/blog\/a-la-une\/creation-de-sites-web-sur-mesure-un-atout-pour-votre-entreprise\/\" class=\"simple\">Cr\u00e9ation de sites web sur mesure : un atout pour votre entreprise<\/a><\/li><li><a href=\"https:\/\/votresitesurmesure.com\/blog\/a-la-une\/comment-concevoir-un-site-web-sur-mesure-pour-vos-besoins-specifiques\/\" class=\"simple\">Comment concevoir un site web sur mesure pour vos besoins sp\u00e9cifiques<\/a><\/li><li><a href=\"https:\/\/votresitesurmesure.com\/blog\/a-la-une\/creer-un-site-sur-mesure-un-guide-complet-pour-un-projet-reussi\/\" class=\"simple\">Cr\u00e9er un site sur mesure : un guide complet pour un projet r\u00e9ussi<\/a><\/li><li><a href=\"https:\/\/votresitesurmesure.com\/blog\/a-la-une\/agence-web-creez-votre-site-sur-mesure-pour-un-impact-maximal\/\" class=\"simple\">Agence web : Cr\u00e9ez votre site sur mesure pour un impact maximal<\/a><\/li><li><a href=\"https:\/\/votresitesurmesure.com\/blog\/a-la-une\/comment-creer-un-site-sur-mesure-qui-reflete-votre-identite\/\" class=\"simple\">Comment cr\u00e9er un site sur mesure qui refl\u00e8te votre identit\u00e9<\/a><\/li><li><a href=\"https:\/\/votresitesurmesure.com\/blog\/a-la-une\/creer-un-site-sur-mesure-guide-complet-pour-un-projet-reussi\/\" class=\"simple\">Cr\u00e9er un site sur mesure : Guide complet pour un projet r\u00e9ussi<\/a><\/li><li><a href=\"https:\/\/votresitesurmesure.com\/blog\/a-la-une\/creation-de-sites-web-sur-mesure-a-marseille-un-guide-complet\/\" class=\"simple\">Cr\u00e9ation de sites web sur mesure \u00e0 Marseille : Un guide complet<\/a><\/li><li><a href=\"https:\/\/votresitesurmesure.com\/blog\/a-la-une\/creez-votre-site-sur-mesure-les-cles-dun-projet-reussi\/\" class=\"simple\">Cr\u00e9ez votre site sur mesure : Les cl\u00e9s d&#039;un projet r\u00e9ussi<\/a><\/li><li><a href=\"https:\/\/votresitesurmesure.com\/blog\/a-la-une\/creation-de-sites-sur-mesure-au-maroc-votre-guide-complet\/\" class=\"simple\">Cr\u00e9ation de sites sur mesure au Maroc : Votre guide complet<\/a><\/li><li><a href=\"https:\/\/votresitesurmesure.com\/blog\/a-la-une\/creer-un-site-web-sur-mesure-au-maroc-guide-complet-et-avantages\/\" class=\"simple\">Cr\u00e9er un site web sur mesure au Maroc : Guide complet et avantages<\/a><\/li><li><a href=\"https:\/\/votresitesurmesure.com\/blog\/a-la-une\/creation-de-sites-sur-mesure-au-maroc-guide-complet-et-conseils-pratiques\/\" class=\"simple\">Cr\u00e9ation de sites sur mesure au Maroc : Guide complet et conseils pratiques<\/a><\/li><li><a href=\"https:\/\/votresitesurmesure.com\/blog\/a-la-une\/creation-de-site-sur-mesure-au-maroc-le-guide-complet-pour-reussir\/\" class=\"simple\">Cr\u00e9ation de site sur mesure au Maroc : Le guide complet pour r\u00e9ussir<\/a><\/li><li><a href=\"https:\/\/votresitesurmesure.com\/blog\/a-la-une\/creer-un-site-sur-mesure-les-etapes-essentielles-a-suivre\/\" class=\"simple\">Cr\u00e9er un site sur mesure : les \u00e9tapes essentielles \u00e0 suivre<\/a><\/li><li><a href=\"https:\/\/votresitesurmesure.com\/blog\/a-la-une\/pourquoi-opter-pour-un-site-web-sur-mesure-offshore\/\" class=\"simple\">Pourquoi opter pour un site web sur mesure offshore ?<\/a><\/li><li><a href=\"https:\/\/votresitesurmesure.com\/blog\/a-la-une\/creer-un-site-sur-mesure-offshore-avantages-et-etapes-cles\/\" class=\"simple\">Cr\u00e9er un site sur mesure offshore : avantages et \u00e9tapes cl\u00e9s<\/a><\/li><li><a href=\"https:\/\/votresitesurmesure.com\/blog\/a-la-une\/comment-creer-un-site-sur-mesure-offshore-guide-complet-et-pratique\/\" class=\"simple\">Comment cr\u00e9er un site sur mesure offshore : Guide complet et pratique<\/a><\/li><li><a href=\"https:\/\/votresitesurmesure.com\/blog\/a-la-une\/creation-de-site-sur-mesure-offshore-guide-complet-et-pratique\/\" class=\"simple\">Cr\u00e9ation de site sur mesure offshore : Guide complet et pratique<\/a><\/li><li><a href=\"https:\/\/votresitesurmesure.com\/blog\/a-la-une\/comprendre-la-difference-entre-un-site-vitrine-et-un-site-sur-mesure\/\" class=\"simple\">Comprendre la diff\u00e9rence entre un site vitrine et un site sur mesure<\/a><\/li><li><a href=\"https:\/\/votresitesurmesure.com\/blog\/a-la-une\/creation-de-sites-web-sur-mesure-limportance-dune-approche-personnalisee\/\" class=\"simple\">Cr\u00e9ation de sites web sur mesure : l&#039;importance d&#039;une approche personnalis\u00e9e<\/a><\/li><li><a href=\"https:\/\/votresitesurmesure.com\/blog\/a-la-une\/creation-de-sites-sur-mesure-la-cle-du-succes-digital\/\" class=\"simple\">Cr\u00e9ation de sites sur mesure : la cl\u00e9 du succ\u00e8s digital<\/a><\/li><\/ul><h2><a href=\"https:\/\/votresitesurmesure.com\/blog\/a-propos-de-nous\/\" class=\"simple\">\u00c0 Propos de Nous<\/a><\/h2><ul><li><a href=\"https:\/\/votresitesurmesure.com\/blog\/a-propos-de-nous\/maitriser-son-nom-de-domaine-latout-strategique-meconnu-du-seo\/\" class=\"simple\">Ma\u00eetriser son nom de domaine : l\u2019atout strat\u00e9gique m\u00e9connu du SEO<\/a><\/li><li><a href=\"https:\/\/votresitesurmesure.com\/blog\/a-propos-de-nous\/cahier-des-charges-web-la-cle-pour-eviter-les-erreurs-couteuses\/\" class=\"simple\">Cahier des charges web : la cl\u00e9 pour \u00e9viter les erreurs co\u00fbteuses<\/a><\/li><li><a href=\"https:\/\/votresitesurmesure.com\/blog\/a-propos-de-nous\/pourquoi-wordpress-reste-le-cms-prefere-en-2025-malgre-ses-limites\/\" class=\"simple\">Pourquoi WordPress reste le CMS pr\u00e9f\u00e9r\u00e9 en 2025 malgr\u00e9 ses limites<\/a><\/li><li><a href=\"https:\/\/votresitesurmesure.com\/blog\/a-propos-de-nous\/combien-coute-vraiment-la-creation-dun-site-web-en-2025-couts-caches-a-connaitre\/\" class=\"simple\">Combien co\u00fbte vraiment la cr\u00e9ation d\u2019un site web en 2025 : co\u00fbts cach\u00e9s \u00e0 conna\u00eetre<\/a><\/li><li><a href=\"https:\/\/votresitesurmesure.com\/blog\/a-propos-de-nous\/comment-creer-un-site-web-efficace-definir-votre-objectif-pour-reussir\/\" class=\"simple\">Comment cr\u00e9er un site web efficace : d\u00e9finir votre objectif pour r\u00e9ussir<\/a><\/li><li><a href=\"https:\/\/votresitesurmesure.com\/blog\/a-propos-de-nous\/ce-quest-un-site-institutionnel-la-vitrine-digitale-qui-renforce-votre-credibilite-en-2025\/\" class=\"simple\">Ce qu&#039;est un site institutionnel : la vitrine digitale qui renforce votre cr\u00e9dibilit\u00e9 en 2025<\/a><\/li><li><a href=\"https:\/\/votresitesurmesure.com\/blog\/a-propos-de-nous\/comment-creer-une-charte-graphique-irresistible-en-7-etapes-pour-booster-votre-marque\/\" class=\"simple\">Comment cr\u00e9er une charte graphique irr\u00e9sistible en 7 \u00e9tapes pour booster votre marque<\/a><\/li><li><a href=\"https:\/\/votresitesurmesure.com\/blog\/a-propos-de-nous\/exemples-inspirants-de-sites-wordpress-qui-renforcent-la-credibilite-en-2025\/\" class=\"simple\">Exemples inspirants de sites WordPress qui renforcent la cr\u00e9dibilit\u00e9 en 2025<\/a><\/li><li><a href=\"https:\/\/votresitesurmesure.com\/blog\/a-propos-de-nous\/combien-coute-reellement-un-devis-pour-un-site-vitrine-en-2025\/\" class=\"simple\">Combien co\u00fbte r\u00e9ellement un devis pour un site vitrine en 2025 ?<\/a><\/li><\/ul><h2><a href=\"https:\/\/votresitesurmesure.com\/blog\/blog\/\" class=\"simple\">Blog<\/a><\/h2><ul><li><a href=\"https:\/\/votresitesurmesure.com\/blog\/blog\/limportance-du-design-dans-la-creation-de-sites-web-personnalises\/\" class=\"simple\">L&#039;importance du design dans la cr\u00e9ation de sites web personnalis\u00e9s<\/a><\/li><li><a href=\"https:\/\/votresitesurmesure.com\/blog\/blog\/comment-aller-au-dela-des-templates-avec-un-site-sur-mesure\/\" class=\"simple\">Comment aller au-del\u00e0 des templates avec un site sur mesure<\/a><\/li><li><a href=\"https:\/\/votresitesurmesure.com\/blog\/blog\/les-benefices-dune-maintenance-reguliere-pour-votre-site-web\/\" class=\"simple\">Les b\u00e9n\u00e9fices d&#039;une maintenance r\u00e9guli\u00e8re pour votre site web<\/a><\/li><li><a href=\"https:\/\/votresitesurmesure.com\/blog\/blog\/comment-creer-un-site-web-personnalise-sans-etre-un-developpeur\/\" class=\"simple\">Comment cr\u00e9er un site web personnalis\u00e9 sans \u00eatre un d\u00e9veloppeur<\/a><\/li><li><a href=\"https:\/\/votresitesurmesure.com\/blog\/blog\/les-avantages-dun-site-responsive-pour-votre-site-web\/\" class=\"simple\">Les avantages d&#039;un site responsive pour votre site web<\/a><\/li><li><a href=\"https:\/\/votresitesurmesure.com\/blog\/blog\/limpact-dun-site-web-personnalise-sur-votre-chiffre-daffaires\/\" class=\"simple\">L&#039;impact d&#039;un site web personnalis\u00e9 sur votre chiffre d&#039;affaires<\/a><\/li><li><a href=\"https:\/\/votresitesurmesure.com\/blog\/blog\/limportance-de-lergonomie-dans-la-creation-de-sites-web-personnalises\/\" class=\"simple\">L&#039;importance de l&#039;ergonomie dans la cr\u00e9ation de sites web personnalis\u00e9s<\/a><\/li><li><a href=\"https:\/\/votresitesurmesure.com\/blog\/blog\/les-meilleures-pratiques-pour-concevoir-un-site-web-attrayant\/\" class=\"simple\">Les meilleures pratiques pour concevoir un site web attrayant<\/a><\/li><li><a href=\"https:\/\/votresitesurmesure.com\/blog\/blog\/comment-definir-votre-public-cible-pour-un-site-web-personnalise\/\" class=\"simple\">Comment d\u00e9finir votre public cible pour un site web personnalis\u00e9<\/a><\/li><li><a href=\"https:\/\/votresitesurmesure.com\/blog\/blog\/les-specificites-des-sites-web-pour-les-particuliers\/\" class=\"simple\">Les sp\u00e9cificit\u00e9s des sites web pour les particuliers<\/a><\/li><li><a href=\"https:\/\/votresitesurmesure.com\/blog\/blog\/les-tendances-de-la-creation-de-sites-web-personnalises-en-2023\/\" class=\"simple\">Les tendances de la cr\u00e9ation de sites web personnalis\u00e9s en 2023<\/a><\/li><li><a href=\"https:\/\/votresitesurmesure.com\/blog\/blog\/comment-un-site-web-sur-mesure-peut-ameliorer-votre-referencement\/\" class=\"simple\">Comment un site web sur mesure peut am\u00e9liorer votre r\u00e9f\u00e9rencement<\/a><\/li><li><a href=\"https:\/\/votresitesurmesure.com\/blog\/blog\/un-site-web-personnalise-un-atout-pour-votre-image-de-marque\/\" class=\"simple\">Un site web personnalis\u00e9 : un atout pour votre image de marque<\/a><\/li><li><a href=\"https:\/\/votresitesurmesure.com\/blog\/blog\/les-erreurs-a-eviter-lors-de-la-creation-dun-site-web-personnalise\/\" class=\"simple\">Les erreurs \u00e0 \u00e9viter lors de la cr\u00e9ation d&#039;un site web personnalis\u00e9<\/a><\/li><li><a href=\"https:\/\/votresitesurmesure.com\/blog\/blog\/les-outils-indispensables-pour-creer-un-site-web-personnalise\/\" class=\"simple\">Les outils indispensables pour cr\u00e9er un site web personnalis\u00e9<\/a><\/li><li><a href=\"https:\/\/votresitesurmesure.com\/blog\/blog\/comment-evaluer-vos-besoins-pour-un-site-web-sur-mesure\/\" class=\"simple\">Comment \u00e9valuer vos besoins pour un site web sur mesure<\/a><\/li><li><a href=\"https:\/\/votresitesurmesure.com\/blog\/blog\/les-etapes-de-la-creation-dun-site-web-personnalise\/\" class=\"simple\">Les \u00e9tapes de la cr\u00e9ation d&#039;un site web personnalis\u00e9<\/a><\/li><li><a href=\"https:\/\/votresitesurmesure.com\/blog\/blog\/pourquoi-choisir-un-site-web-personnalise-plutot-quun-modele\/\" class=\"simple\">Pourquoi choisir un site web personnalis\u00e9 plut\u00f4t qu&#039;un mod\u00e8le<\/a><\/li><li><a href=\"https:\/\/votresitesurmesure.com\/blog\/blog\/les-avantages-dun-site-web-sur-mesure-pour-votre-projet\/\" class=\"simple\">Les avantages d&#039;un site web sur mesure pour votre projet<\/a><\/li><li><a href=\"https:\/\/votresitesurmesure.com\/blog\/blog\/comment-un-site-web-personnalise-peut-transformer-votre-entreprise\/\" class=\"simple\">Comment un site web personnalis\u00e9 peut transformer votre entreprise<\/a><\/li><li><a href=\"https:\/\/votresitesurmesure.com\/blog\/blog\/creation-de-sites-web-personnalises-pourquoi-cest-essentiel\/\" class=\"simple\">Cr\u00e9ation de sites web personnalis\u00e9s : pourquoi c&#039;est essentiel<\/a><\/li><\/ul><h2><a href=\"https:\/\/votresitesurmesure.com\/blog\/nos-services\/\" class=\"simple\">Nos Services<\/a><\/h2><ul><li><a href=\"https:\/\/votresitesurmesure.com\/blog\/nos-services\/comment-optimiser-la-maintenance-de-votre-site-web-pour-booster-ses-performances-et-son-seo\/\" class=\"simple\">Comment optimiser la maintenance de votre site web pour booster ses performances et son SEO<\/a><\/li><li><a href=\"https:\/\/votresitesurmesure.com\/blog\/nos-services\/comment-optimiser-votre-site-web-pour-dominer-google-en-2025-grace-a-une-recherche-de-mots-cles-intelligente\/\" class=\"simple\">Comment optimiser votre site web pour dominer Google en 2025 gr\u00e2ce \u00e0 une recherche de mots-cl\u00e9s intelligente<\/a><\/li><li><a href=\"https:\/\/votresitesurmesure.com\/blog\/nos-services\/hebergement-web-choisir-entre-mutualise-vps-ou-dedie-pour-votre-trafic\/\" class=\"simple\">H\u00e9bergement web : choisir entre mutualis\u00e9, VPS ou d\u00e9di\u00e9 pour votre trafic<\/a><\/li><li><a href=\"https:\/\/votresitesurmesure.com\/blog\/nos-services\/responsive-design-la-methode-essentielle-pour-une-adaptation-web-fluide\/\" class=\"simple\">Responsive Design : la m\u00e9thode essentielle pour une adaptation web fluide<\/a><\/li><li><a href=\"https:\/\/votresitesurmesure.com\/blog\/nos-services\/ux-design-site-web-7-principes-cles-pour-booster-vos-conversions\/\" class=\"simple\">UX Design Site Web : 7 Principes Cl\u00e9s pour Booster Vos Conversions<\/a><\/li><li><a href=\"https:\/\/votresitesurmesure.com\/blog\/nos-services\/site-vitrine-2025-quel-budget-pour-booster-votre-visibilite-en-ligne\/\" class=\"simple\">Site vitrine 2025 : Quel budget pour booster votre visibilit\u00e9 en ligne<\/a><\/li><li><a href=\"https:\/\/votresitesurmesure.com\/blog\/nos-services\/revolution-wordpress-gerez-10-sites-en-un-clic-et-gagnez-70-de-temps\/\" class=\"simple\">R\u00e9volution WordPress : G\u00e9rez 10 sites en un clic et gagnez 70 % de temps<\/a><\/li><li><a href=\"https:\/\/votresitesurmesure.com\/blog\/nos-services\/maquette-de-site-web-comment-visualiser-votre-succes-en-ligne-avant-le-premier-clic\/\" class=\"simple\">Maquette de site web : comment visualiser votre succ\u00e8s en ligne avant le premier clic<\/a><\/li><li><a href=\"https:\/\/votresitesurmesure.com\/blog\/nos-services\/pourquoi-opter-pour-un-serveur-local-en-2025-controle-total-des-donnees\/\" class=\"simple\">Pourquoi opter pour un serveur local en 2025 : contr\u00f4le total des donn\u00e9es<\/a><\/li><li><a href=\"https:\/\/votresitesurmesure.com\/blog\/nos-services\/architecte-web-comment-batir-des-sites-inebranlables-et-evolutifs\/\" class=\"simple\">Architecte Web : Comment b\u00e2tir des sites in\u00e9branlables et \u00e9volutifs<\/a><\/li><\/ul>\n","protected":false},"excerpt":{"rendered":"","protected":false},"author":34,"featured_media":0,"parent":0,"menu_order":0,"comment_status":"closed","ping_status":"closed","template":"","meta":{"_acf_changed":false,"manual_indexmenow":false,"indexmenow_id_project":0,"footnotes":""},"class_list":["post-66","page","type-page","status-publish"],"acf":[],"yoast_head":"<!-- This site is optimized with the Yoast SEO Premium plugin v21.3 (Yoast SEO v26.5) - https:\/\/yoast.com\/wordpress\/plugins\/seo\/ -->\n<title>Plan du site<\/title>\n<meta name=\"robots\" content=\"index, follow, max-snippet:-1, max-image-preview:large, max-video-preview:-1\" \/>\n<link rel=\"canonical\" href=\"https:\/\/votresitesurmesure.com\/blog\/plan-du-site\/\" \/>\n<meta property=\"og:locale\" content=\"fr_FR\" \/>\n<meta property=\"og:type\" content=\"article\" \/>\n<meta property=\"og:title\" content=\"Plan du site\" \/>\n<meta property=\"og:url\" content=\"https:\/\/votresitesurmesure.com\/blog\/plan-du-site\/\" \/>\n<meta property=\"og:site_name\" content=\"votresitesurmesure\" \/>\n<meta name=\"twitter:card\" content=\"summary_large_image\" \/>\n<script type=\"application\/ld+json\" class=\"yoast-schema-graph\">{\"@context\":\"https:\/\/schema.org\",\"@graph\":[{\"@type\":\"WebPage\",\"@id\":\"https:\/\/votresitesurmesure.com\/blog\/plan-du-site\/\",\"url\":\"https:\/\/votresitesurmesure.com\/blog\/plan-du-site\/\",\"name\":\"Plan du site\",\"isPartOf\":{\"@id\":\"https:\/\/votresitesurmesure.com\/blog\/#website\"},\"datePublished\":\"2023-10-11T10:06:52+00:00\",\"inLanguage\":\"fr-FR\",\"potentialAction\":[{\"@type\":\"ReadAction\",\"target\":[\"https:\/\/votresitesurmesure.com\/blog\/plan-du-site\/\"]}]},{\"@type\":\"WebSite\",\"@id\":\"https:\/\/votresitesurmesure.com\/blog\/#website\",\"url\":\"https:\/\/votresitesurmesure.com\/blog\/\",\"name\":\"votresitesurmesure.com\",\"description\":\"Votre Site sur Mesure, le digital qui vous ressemble\",\"publisher\":{\"@id\":\"https:\/\/votresitesurmesure.com\/blog\/#organization\"},\"alternateName\":\"Votre Site sur Mesure, le digital qui vous ressemble\",\"potentialAction\":[{\"@type\":\"SearchAction\",\"target\":{\"@type\":\"EntryPoint\",\"urlTemplate\":\"https:\/\/votresitesurmesure.com\/blog\/?s={search_term_string}\"},\"query-input\":{\"@type\":\"PropertyValueSpecification\",\"valueRequired\":true,\"valueName\":\"search_term_string\"}}],\"inLanguage\":\"fr-FR\"},{\"@type\":\"Organization\",\"@id\":\"https:\/\/votresitesurmesure.com\/blog\/#organization\",\"name\":\"Foretsensations.fr\",\"url\":\"https:\/\/votresitesurmesure.com\/blog\/\",\"logo\":{\"@type\":\"ImageObject\",\"inLanguage\":\"fr-FR\",\"@id\":\"https:\/\/votresitesurmesure.com\/blog\/#\/schema\/logo\/image\/\",\"url\":\"https:\/\/votresitesurmesure.com\/blog\/wp-content\/uploads\/2024\/12\/46.png\",\"contentUrl\":\"https:\/\/votresitesurmesure.com\/blog\/wp-content\/uploads\/2024\/12\/46.png\",\"width\":500,\"height\":500,\"caption\":\"Foretsensations.fr\"},\"image\":{\"@id\":\"https:\/\/votresitesurmesure.com\/blog\/#\/schema\/logo\/image\/\"}}]}<\/script>\n<!-- \/ Yoast SEO Premium plugin. -->","yoast_head_json":{"title":"Plan du site","robots":{"index":"index","follow":"follow","max-snippet":"max-snippet:-1","max-image-preview":"max-image-preview:large","max-video-preview":"max-video-preview:-1"},"canonical":"https:\/\/votresitesurmesure.com\/blog\/plan-du-site\/","og_locale":"fr_FR","og_type":"article","og_title":"Plan du site","og_url":"https:\/\/votresitesurmesure.com\/blog\/plan-du-site\/","og_site_name":"votresitesurmesure","twitter_card":"summary_large_image","schema":{"@context":"https:\/\/schema.org","@graph":[{"@type":"WebPage","@id":"https:\/\/votresitesurmesure.com\/blog\/plan-du-site\/","url":"https:\/\/votresitesurmesure.com\/blog\/plan-du-site\/","name":"Plan du site","isPartOf":{"@id":"https:\/\/votresitesurmesure.com\/blog\/#website"},"datePublished":"2023-10-11T10:06:52+00:00","inLanguage":"fr-FR","potentialAction":[{"@type":"ReadAction","target":["https:\/\/votresitesurmesure.com\/blog\/plan-du-site\/"]}]},{"@type":"WebSite","@id":"https:\/\/votresitesurmesure.com\/blog\/#website","url":"https:\/\/votresitesurmesure.com\/blog\/","name":"votresitesurmesure.com","description":"Votre Site sur Mesure, le digital qui vous ressemble","publisher":{"@id":"https:\/\/votresitesurmesure.com\/blog\/#organization"},"alternateName":"Votre Site sur Mesure, le digital qui vous ressemble","potentialAction":[{"@type":"SearchAction","target":{"@type":"EntryPoint","urlTemplate":"https:\/\/votresitesurmesure.com\/blog\/?s={search_term_string}"},"query-input":{"@type":"PropertyValueSpecification","valueRequired":true,"valueName":"search_term_string"}}],"inLanguage":"fr-FR"},{"@type":"Organization","@id":"https:\/\/votresitesurmesure.com\/blog\/#organization","name":"Foretsensations.fr","url":"https:\/\/votresitesurmesure.com\/blog\/","logo":{"@type":"ImageObject","inLanguage":"fr-FR","@id":"https:\/\/votresitesurmesure.com\/blog\/#\/schema\/logo\/image\/","url":"https:\/\/votresitesurmesure.com\/blog\/wp-content\/uploads\/2024\/12\/46.png","contentUrl":"https:\/\/votresitesurmesure.com\/blog\/wp-content\/uploads\/2024\/12\/46.png","width":500,"height":500,"caption":"Foretsensations.fr"},"image":{"@id":"https:\/\/votresitesurmesure.com\/blog\/#\/schema\/logo\/image\/"}}]}},"_links":{"self":[{"href":"https:\/\/votresitesurmesure.com\/blog\/wp-json\/wp\/v2\/pages\/66","targetHints":{"allow":["GET"]}}],"collection":[{"href":"https:\/\/votresitesurmesure.com\/blog\/wp-json\/wp\/v2\/pages"}],"about":[{"href":"https:\/\/votresitesurmesure.com\/blog\/wp-json\/wp\/v2\/types\/page"}],"author":[{"embeddable":true,"href":"https:\/\/votresitesurmesure.com\/blog\/wp-json\/wp\/v2\/users\/34"}],"replies":[{"embeddable":true,"href":"https:\/\/votresitesurmesure.com\/blog\/wp-json\/wp\/v2\/comments?post=66"}],"version-history":[{"count":1,"href":"https:\/\/votresitesurmesure.com\/blog\/wp-json\/wp\/v2\/pages\/66\/revisions"}],"predecessor-version":[{"id":67,"href":"https:\/\/votresitesurmesure.com\/blog\/wp-json\/wp\/v2\/pages\/66\/revisions\/67"}],"wp:attachment":[{"href":"https:\/\/votresitesurmesure.com\/blog\/wp-json\/wp\/v2\/media?parent=66"}],"curies":[{"name":"wp","href":"https:\/\/api.w.org\/{rel}","templated":true}]}}